{"id":1927,"date":"2021-09-13T16:52:15","date_gmt":"2021-09-13T16:52:15","guid":{"rendered":"https:\/\/herenciadelaspalabras.es\/hlp19\/?page_id=1927"},"modified":"2023-10-03T03:32:19","modified_gmt":"2023-10-03T03:32:19","slug":"hola-2","status":"publish","type":"page","link":"https:\/\/herenciadelaspalabras.es\/hlp19\/","title":{"rendered":"23hola"},"content":{"rendered":"<table border=\"0\" width=\"100%\" cellspacing=\"0\" cellpadding=\"0\">\n<tbody>\n<tr>\n<td valign=\"top\">\n<table border=\"0\" width=\"100%\" cellspacing=\"0\" cellpadding=\"0\" align=\"left\">\n<tbody>\n<tr>\n<td>\n<table style=\"height: 12px;\" border=\"0\" width=\"745\" cellspacing=\"0\">\n<tbody>\n<tr>\n<td valign=\"top\">&nbsp;<\/td>\n<\/tr>\n<\/tbody>\n<\/table>\n<\/td>\n<\/tr>\n<\/tbody>\n<\/table>\n<\/td>\n<\/tr>\n<\/tbody>\n<\/table>\n<table border=\"0\" width=\"100%\" cellspacing=\"0\" cellpadding=\"0\">\n<tbody>\n<tr>\n<td valign=\"top\">\n<table border=\"0\" width=\"100%\" cellspacing=\"0\" cellpadding=\"0\" align=\"left\">\n<tbody>\n<tr>\n<td valign=\"top\">\n<h5 style=\"text-align: center;\">La <strong>Biblioteca P\u00fablica<\/strong> Miguel de Cervantes y<\/h5>\n<h5 style=\"text-align: center;\">el <strong>Ayuntamiento de Herencia<\/strong>,<br \/>\nLO HAN VUELTO A HACER Y<\/h5>\n<h5 style=\"text-align: center;\">YA TENEMOS AQU\u00cd la <strong>TERCERA EDICI\u00d3N <\/strong>del festival:<\/h5>\n<\/td>\n<\/tr>\n<\/tbody>\n<\/table>\n<p><strong style=\"color: #000000; font-size: 17px; text-align: center;\">&nbsp;<img loading=\"lazy\" src=\"https:\/\/herenciadelaspalabras.es\/hlp19\/wp-content\/uploads\/2023\/10\/HLP23_DSN-WEBLOG.png\" alt=\"\" width=\"750\" height=\"252\"><\/strong><\/td>\n<\/tr>\n<\/tbody>\n<\/table>\n<h5>Mejor traer las ganas abiertas y la cabeza despierta para dejarte llevar por las voces de cuatro profesionales de la narraci\u00f3n.<\/h5>\n<h5><strong style=\"color: #000000; font-size: 18px; letter-spacing: 0px;\">F\u00e9lix Albo<\/strong>, un fijo en el festival desde el Mediterr\u00e1neo.<\/h5>\n<p><strong>VIRGINIA IMAZ<\/strong> desde Euskadi.<br \/>\n<strong>OSWALDO PAI<\/strong> desde Arag\u00f3n.<br \/>\nY el <strong>GRAN JORDIET<\/strong> desde la Comunitat Valenciana.<\/p>\n<h3 style=\"text-align: center;\">&nbsp;<\/h3>\n<h3 style=\"text-align: center;\"><strong>\u00a1AP\u00daNTATELO YA!<\/strong><\/h3>\n<h3 style=\"text-align: center;\"><strong>17, 18, 19, 20 y 21 de octubre<\/strong><\/h3>\n<p style=\"text-align: center;\"><strong>\u00a1VEN! y \u00a1TR\u00c1ETE A ALGUIEN Y PAS\u00c1IS UN RATO \u00daNICO!<\/strong><\/p>\n<p>\t\t\t<a href=\"https:\/\/herenciadelaspalabras.es\/hlp19\/prg\/\" role=\"button\"><br \/>\nPROGRAMA  GENERAL<br \/>\n<\/a><\/p>\n","protected":false},"excerpt":{"rendered":"<p>&nbsp; La Biblioteca P\u00fablica Miguel de Cervantes y el Ayuntamiento de Herencia, LO HAN VUELTO A HACER Y YA TENEMOS AQU\u00cd la TERCERA EDICI\u00d3N del festival: &nbsp; Mejor traer las ganas abiertas y la cabeza despierta para dejarte llevar por las voces de cuatro profesionales&#8230;<\/p>\n","protected":false},"author":1,"featured_media":0,"parent":0,"menu_order":0,"comment_status":"closed","ping_status":"closed","template":"","meta":[],"_links":{"self":[{"href":"https:\/\/herenciadelaspalabras.es\/hlp19\/wp-json\/wp\/v2\/pages\/1927"}],"collection":[{"href":"https:\/\/herenciadelaspalabras.es\/hlp19\/wp-json\/wp\/v2\/pages"}],"about":[{"href":"https:\/\/herenciadelaspalabras.es\/hlp19\/wp-json\/wp\/v2\/types\/page"}],"author":[{"embeddable":true,"href":"https:\/\/herenciadelaspalabras.es\/hlp19\/wp-json\/wp\/v2\/users\/1"}],"replies":[{"embeddable":true,"href":"https:\/\/herenciadelaspalabras.es\/hlp19\/wp-json\/wp\/v2\/comments?post=1927"}],"version-history":[{"count":28,"href":"https:\/\/herenciadelaspalabras.es\/hlp19\/wp-json\/wp\/v2\/pages\/1927\/revisions"}],"predecessor-version":[{"id":2083,"href":"https:\/\/herenciadelaspalabras.es\/hlp19\/wp-json\/wp\/v2\/pages\/1927\/revisions\/2083"}],"wp:attachment":[{"href":"https:\/\/herenciadelaspalabras.es\/hlp19\/wp-json\/wp\/v2\/media?parent=1927"}],"curies":[{"name":"wp","href":"https:\/\/api.w.org\/{rel}","templated":true}]}}